{"id":11513,"date":"2024-12-25T23:29:51","date_gmt":"2024-12-25T23:29:51","guid":{"rendered":"https:\/\/elektroaparatura.ba\/uslovi-koriscenja\/"},"modified":"2025-03-05T17:21:30","modified_gmt":"2025-03-05T17:21:30","slug":"uslovi-koriscenja","status":"publish","type":"page","link":"https:\/\/elektroaparatura.ba\/bs\/uslovi-koriscenja\/","title":{"rendered":"Uslovi kori\u0161\u0107enja"},"content":{"rendered":"\t\t<div data-elementor-type=\"wp-page\" data-elementor-id=\"11513\" class=\"elementor elementor-11513 elementor-6330\">\n\t\t\t\t\t\t<section class=\"elementor-section elementor-top-section elementor-element elementor-element-cf85e58 elementor-section-boxed elementor-section-height-default elementor-section-height-default\" data-id=\"cf85e58\" data-element_type=\"section\" data-e-type=\"section\">\n\t\t\t\t\t\t<div class=\"elementor-container elementor-column-gap-default\">\n\t\t\t\t\t<div class=\"elementor-column elementor-col-100 elementor-top-column elementor-element elementor-element-0be53e5\" data-id=\"0be53e5\" data-element_type=\"column\" data-e-type=\"column\">\n\t\t\t<div class=\"elementor-widget-wrap elementor-element-populated\">\n\t\t\t\t\t\t<div class=\"elementor-element elementor-element-41e50f0 elementor-widget elementor-widget-text-editor\" data-id=\"41e50f0\" data-element_type=\"widget\" data-e-type=\"widget\" data-widget_type=\"text-editor.default\">\n\t\t\t\t<div class=\"elementor-widget-container\">\n\t\t\t\t\t\t\t\t\t<h2>Uslovi kori\u0161\u0107enja za sajt\u00a0<a href=\"http:\/\/elektroaparatura.ba\/\" target=\"_blank\" rel=\"noopener\" data-saferedirecturl=\"https:\/\/www.google.com\/url?q=http:\/\/elektroaparatura.ba&amp;source=gmail&amp;ust=1741270552110000&amp;usg=AOvVaw3N772WCB5RRgnuSB7v0jCE\">elektroaparatura.ba<\/a><\/h2><p>Dobrodo\u0161li na veb-sajt\u00a0<a href=\"http:\/\/elektroaparatura.ba\/\" target=\"_blank\" rel=\"noopener\" data-saferedirecturl=\"https:\/\/www.google.com\/url?q=http:\/\/elektroaparatura.ba&amp;source=gmail&amp;ust=1741270552111000&amp;usg=AOvVaw1bIWOJR5CGKLmpDEmbMyna\">elektroaparatura.ba<\/a>\u00a0(&#8220;Sajt&#8221;). Kori\u0161\u0107enjem ovog Sajta prihvatate slede\u0107e uslove kori\u0161\u0107enja. Ukoliko se ne sla\u017eete sa ovim uslovima, molimo vas da ne koristite Sajt.<\/p><h3>1. Op\u0161te odredbe<\/h3><p>1.1. Sajt\u00a0<a href=\"http:\/\/elektroaparatura.ba\/\" target=\"_blank\" rel=\"noopener\" data-saferedirecturl=\"https:\/\/www.google.com\/url?q=http:\/\/elektroaparatura.ba&amp;source=gmail&amp;ust=1741270552111000&amp;usg=AOvVaw1bIWOJR5CGKLmpDEmbMyna\">elektroaparatura.ba<\/a>\u00a0je u vlasni\u0161tvu i pod upravom kompanije Elektroaparatura d.o.o. (&#8220;Kompanija&#8221;).<\/p><p>1.2. Ovi uslovi kori\u0161\u0107enja reguli\u0161u pristup i upotrebu Sajta, kao i prava i obaveze korisnika i Kompanije.<\/p><p>1.3. Kompanija zadr\u017eava pravo izmene ovih uslova u bilo kom trenutku. Sve izmene stupaju na snagu danom objavljivanja na Sajtu. Preporu\u010dujemo da povremeno proveravate ove uslove radi eventualnih izmena.<\/p><h3>2. Kori\u0161\u0107enje Sajta<\/h3><p>2.1. Korisnik se obavezuje da \u0107e Sajt koristiti u skladu sa va\u017ee\u0107im zakonima, pravilima i regulativama.<\/p><p>2.2. Zabranjeno je:<\/p><ul><li><p>Koristiti Sajt za bilo kakve nezakonite aktivnosti.<\/p><\/li><li><p>Postavljati ili deliti sadr\u017eaj koji je uvredljiv, obmanjuju\u0107i, ili kr\u0161i prava tre\u0107ih lica.<\/p><\/li><li><p>Poku\u0161avati da se neovla\u0161\u0107eno pristupi bilo kom delu Sajta ili serverima.<\/p><\/li><\/ul><h3>3. Prava intelektualne svojine<\/h3><p>3.1. Sadr\u017eaj na Sajtu, uklju\u010duju\u0107i tekstove, slike, logotipe, grafiku i softver, za\u0161ti\u0107en je zakonima o intelektualnoj svojini.<\/p><p>3.2. Svako kopiranje, distribucija ili reprodukcija sadr\u017eaja bez prethodne pisane saglasnosti Kompanije je zabranjena.<\/p><h3>4. Privatnost podataka<\/h3><p>4.1. Kompanija se obavezuje da \u0107e prikupljati, \u010duvati i obra\u0111ivati li\u010dne podatke korisnika u skladu sa Op\u0161tom uredbom o za\u0161titi podataka (GDPR).<\/p><p>4.2. Detalji o prikupljanju i kori\u0161\u0107enju podataka nalaze se u Politici privatnosti, koja je sastavni deo ovih uslova.<\/p><p>4.3. Korisnik ima pravo da zahteva pristup, izmenu ili brisanje svojih podataka, kao i pravo na prigovor na obradu podataka.<\/p><h3>5. Odricanje od odgovornosti<\/h3><p>5.1. Kompanija ne garantuje da \u0107e Sajt uvek biti dostupan ili da \u0107e funkcionisati bez gre\u0161aka.<\/p><p>5.2. Kompanija nije odgovorna za bilo kakvu \u0161tetu koja mo\u017ee nastati kao posledica kori\u0161\u0107enja ili nemogu\u0107nosti kori\u0161\u0107enja Sajta.<\/p><h3>6. Spoljni linkovi<\/h3><p>6.1. Sajt mo\u017ee sadr\u017eati linkove ka tre\u0107im stranicama. Kompanija nije odgovorna za sadr\u017eaj ili politiku privatnosti tih stranica.<\/p><h3>7. Primena prava i nadle\u017enost<\/h3><p>7.1. Ovi uslovi kori\u0161\u0107enja regulisani su zakonima Evropske unije i Bosne i Hercegovine.<\/p><p>7.2. Svi sporovi koji proizilaze iz ovih uslova bi\u0107e re\u0161avani pred nadle\u017enim sudom u Bosni i Hercegovini.<\/p><h3>8. Kontakt<\/h3><p>8.1. Za sva pitanja ili komentare u vezi sa ovim uslovima, molimo vas da nas kontaktirate putem e-po\u0161te:\u00a0<a>info@elektroaparatura.ba<\/a>.<\/p><p>Hvala \u0161to koristite\u00a0<a href=\"http:\/\/elektroaparatura.ba\/\" target=\"_blank\" rel=\"noopener\" data-saferedirecturl=\"https:\/\/www.google.com\/url?q=http:\/\/elektroaparatura.ba&amp;source=gmail&amp;ust=1741270552111000&amp;usg=AOvVaw1bIWOJR5CGKLmpDEmbMyna\">elektroaparatura.ba<\/a>!<\/p>\t\t\t\t\t\t\t\t<\/div>\n\t\t\t\t<\/div>\n\t\t\t\t\t<\/div>\n\t\t<\/div>\n\t\t\t\t\t<\/div>\n\t\t<\/section>\n\t\t\t\t<\/div>\n\t\t","protected":false},"excerpt":{"rendered":"<p>Uslovi kori\u0161\u0107enja za sajt\u00a0elektroaparatura.ba Dobrodo\u0161li na veb-sajt\u00a0elektroaparatura.ba\u00a0(&#8220;Sajt&#8221;). Kori\u0161\u0107enjem ovog Sajta prihvatate slede\u0107e uslove kori\u0161\u0107enja. Ukoliko se ne sla\u017eete sa ovim uslovima, molimo vas da ne koristite Sajt. 1. Op\u0161te odredbe 1.1. Sajt\u00a0elektroaparatura.ba\u00a0je u vlasni\u0161tvu i pod upravom kompanije Elektroaparatura d.o.o. (&#8220;Kompanija&#8221;). 1.2. Ovi uslovi kori\u0161\u0107enja reguli\u0161u pristup i upotrebu Sajta,<\/p>\n","protected":false},"author":1,"featured_media":0,"parent":0,"menu_order":0,"comment_status":"closed","ping_status":"closed","template":"","meta":{"footnotes":""},"class_list":["post-11513","page","type-page","status-publish","hentry"],"yoast_head":"<!-- This site is optimized with the Yoast SEO plugin v27.3 - https:\/\/yoast.com\/product\/yoast-seo-wordpress\/ -->\n<title>Uslovi Kori\u0161\u0107enja | Elektroaparatura d.o.o.<\/title>\n<meta name=\"description\" content=\"Dobrodo\u0161li na veb-sajt elektroaparatura.ba (\u201eSajt\u201c). Kori\u0161\u0107enjem ovog Sajta prihvatate slede\u0107e uslove kori\u0161\u0107enja.\" \/>\n<meta name=\"robots\" content=\"index, follow, max-snippet:-1, max-image-preview:large, max-video-preview:-1\" \/>\n<link rel=\"canonical\" href=\"https:\/\/elektroaparatura.ba\/bs\/uslovi-koriscenja\/\" \/>\n<meta property=\"og:locale\" content=\"bs_BA\" \/>\n<meta property=\"og:type\" content=\"article\" \/>\n<meta property=\"og:title\" content=\"Uslovi Kori\u0161\u0107enja | Elektroaparatura d.o.o.\" \/>\n<meta property=\"og:description\" content=\"Dobrodo\u0161li na veb-sajt elektroaparatura.ba (\u201eSajt\u201c). Kori\u0161\u0107enjem ovog Sajta prihvatate slede\u0107e uslove kori\u0161\u0107enja.\" \/>\n<meta property=\"og:url\" content=\"https:\/\/elektroaparatura.ba\/bs\/uslovi-koriscenja\/\" \/>\n<meta property=\"og:site_name\" content=\"Elektroaparatura d.o.o. Banja Luka\" \/>\n<meta property=\"article:modified_time\" content=\"2025-03-05T17:21:30+00:00\" \/>\n<meta name=\"twitter:card\" content=\"summary_large_image\" \/>\n<meta name=\"twitter:label1\" content=\"Est. reading time\" \/>\n\t<meta name=\"twitter:data1\" content=\"2 minute\" \/>\n<script type=\"application\/ld+json\" class=\"yoast-schema-graph\">{\"@context\":\"https:\\\/\\\/schema.org\",\"@graph\":[{\"@type\":\"WebPage\",\"@id\":\"https:\\\/\\\/elektroaparatura.ba\\\/bs\\\/uslovi-koriscenja\\\/\",\"url\":\"https:\\\/\\\/elektroaparatura.ba\\\/bs\\\/uslovi-koriscenja\\\/\",\"name\":\"Uslovi Kori\u0161\u0107enja | Elektroaparatura d.o.o.\",\"isPartOf\":{\"@id\":\"https:\\\/\\\/elektroaparatura.ba\\\/bs\\\/#website\"},\"datePublished\":\"2024-12-25T23:29:51+00:00\",\"dateModified\":\"2025-03-05T17:21:30+00:00\",\"description\":\"Dobrodo\u0161li na veb-sajt elektroaparatura.ba (\u201eSajt\u201c). Kori\u0161\u0107enjem ovog Sajta prihvatate slede\u0107e uslove kori\u0161\u0107enja.\",\"breadcrumb\":{\"@id\":\"https:\\\/\\\/elektroaparatura.ba\\\/bs\\\/uslovi-koriscenja\\\/#breadcrumb\"},\"inLanguage\":\"bs-BA\",\"potentialAction\":[{\"@type\":\"ReadAction\",\"target\":[\"https:\\\/\\\/elektroaparatura.ba\\\/bs\\\/uslovi-koriscenja\\\/\"]}]},{\"@type\":\"BreadcrumbList\",\"@id\":\"https:\\\/\\\/elektroaparatura.ba\\\/bs\\\/uslovi-koriscenja\\\/#breadcrumb\",\"itemListElement\":[{\"@type\":\"ListItem\",\"position\":1,\"name\":\"\u041f\u043e\u0447\u0435\u0442\u043d\u0430\",\"item\":\"https:\\\/\\\/elektroaparatura.ba\\\/bs\\\/\"},{\"@type\":\"ListItem\",\"position\":2,\"name\":\"Uslovi kori\u0161\u0107enja\"}]},{\"@type\":\"WebSite\",\"@id\":\"https:\\\/\\\/elektroaparatura.ba\\\/bs\\\/#website\",\"url\":\"https:\\\/\\\/elektroaparatura.ba\\\/bs\\\/\",\"name\":\"Elektroaparatura d.o.o. Banja Luka\",\"description\":\"Lider na tr\u017ei\u0161tu elektroenergetike pru\u017eanjem kvalitetnih usluga, efikasnom distribucijom kvalitetne opreme iz oblasti elektroenergetike.\",\"potentialAction\":[{\"@type\":\"SearchAction\",\"target\":{\"@type\":\"EntryPoint\",\"urlTemplate\":\"https:\\\/\\\/elektroaparatura.ba\\\/bs\\\/?s={search_term_string}\"},\"query-input\":{\"@type\":\"PropertyValueSpecification\",\"valueRequired\":true,\"valueName\":\"search_term_string\"}}],\"inLanguage\":\"bs-BA\"}]}<\/script>\n<!-- \/ Yoast SEO plugin. -->","yoast_head_json":{"title":"Uslovi Kori\u0161\u0107enja | Elektroaparatura d.o.o.","description":"Dobrodo\u0161li na veb-sajt elektroaparatura.ba (\u201eSajt\u201c). Kori\u0161\u0107enjem ovog Sajta prihvatate slede\u0107e uslove kori\u0161\u0107enja.","robots":{"index":"index","follow":"follow","max-snippet":"max-snippet:-1","max-image-preview":"max-image-preview:large","max-video-preview":"max-video-preview:-1"},"canonical":"https:\/\/elektroaparatura.ba\/bs\/uslovi-koriscenja\/","og_locale":"bs_BA","og_type":"article","og_title":"Uslovi Kori\u0161\u0107enja | Elektroaparatura d.o.o.","og_description":"Dobrodo\u0161li na veb-sajt elektroaparatura.ba (\u201eSajt\u201c). Kori\u0161\u0107enjem ovog Sajta prihvatate slede\u0107e uslove kori\u0161\u0107enja.","og_url":"https:\/\/elektroaparatura.ba\/bs\/uslovi-koriscenja\/","og_site_name":"Elektroaparatura d.o.o. Banja Luka","article_modified_time":"2025-03-05T17:21:30+00:00","twitter_card":"summary_large_image","twitter_misc":{"Est. reading time":"2 minute"},"schema":{"@context":"https:\/\/schema.org","@graph":[{"@type":"WebPage","@id":"https:\/\/elektroaparatura.ba\/bs\/uslovi-koriscenja\/","url":"https:\/\/elektroaparatura.ba\/bs\/uslovi-koriscenja\/","name":"Uslovi Kori\u0161\u0107enja | Elektroaparatura d.o.o.","isPartOf":{"@id":"https:\/\/elektroaparatura.ba\/bs\/#website"},"datePublished":"2024-12-25T23:29:51+00:00","dateModified":"2025-03-05T17:21:30+00:00","description":"Dobrodo\u0161li na veb-sajt elektroaparatura.ba (\u201eSajt\u201c). Kori\u0161\u0107enjem ovog Sajta prihvatate slede\u0107e uslove kori\u0161\u0107enja.","breadcrumb":{"@id":"https:\/\/elektroaparatura.ba\/bs\/uslovi-koriscenja\/#breadcrumb"},"inLanguage":"bs-BA","potentialAction":[{"@type":"ReadAction","target":["https:\/\/elektroaparatura.ba\/bs\/uslovi-koriscenja\/"]}]},{"@type":"BreadcrumbList","@id":"https:\/\/elektroaparatura.ba\/bs\/uslovi-koriscenja\/#breadcrumb","itemListElement":[{"@type":"ListItem","position":1,"name":"\u041f\u043e\u0447\u0435\u0442\u043d\u0430","item":"https:\/\/elektroaparatura.ba\/bs\/"},{"@type":"ListItem","position":2,"name":"Uslovi kori\u0161\u0107enja"}]},{"@type":"WebSite","@id":"https:\/\/elektroaparatura.ba\/bs\/#website","url":"https:\/\/elektroaparatura.ba\/bs\/","name":"Elektroaparatura d.o.o. Banja Luka","description":"Lider na tr\u017ei\u0161tu elektroenergetike pru\u017eanjem kvalitetnih usluga, efikasnom distribucijom kvalitetne opreme iz oblasti elektroenergetike.","potentialAction":[{"@type":"SearchAction","target":{"@type":"EntryPoint","urlTemplate":"https:\/\/elektroaparatura.ba\/bs\/?s={search_term_string}"},"query-input":{"@type":"PropertyValueSpecification","valueRequired":true,"valueName":"search_term_string"}}],"inLanguage":"bs-BA"}]}},"_links":{"self":[{"href":"https:\/\/elektroaparatura.ba\/bs\/wp-json\/wp\/v2\/pages\/11513","targetHints":{"allow":["GET"]}}],"collection":[{"href":"https:\/\/elektroaparatura.ba\/bs\/wp-json\/wp\/v2\/pages"}],"about":[{"href":"https:\/\/elektroaparatura.ba\/bs\/wp-json\/wp\/v2\/types\/page"}],"author":[{"embeddable":true,"href":"https:\/\/elektroaparatura.ba\/bs\/wp-json\/wp\/v2\/users\/1"}],"replies":[{"embeddable":true,"href":"https:\/\/elektroaparatura.ba\/bs\/wp-json\/wp\/v2\/comments?post=11513"}],"version-history":[{"count":3,"href":"https:\/\/elektroaparatura.ba\/bs\/wp-json\/wp\/v2\/pages\/11513\/revisions"}],"predecessor-version":[{"id":11679,"href":"https:\/\/elektroaparatura.ba\/bs\/wp-json\/wp\/v2\/pages\/11513\/revisions\/11679"}],"wp:attachment":[{"href":"https:\/\/elektroaparatura.ba\/bs\/wp-json\/wp\/v2\/media?parent=11513"}],"curies":[{"name":"wp","href":"https:\/\/api.w.org\/{rel}","templated":true}]}}